{"id":54,"date":"2023-10-10T22:45:29","date_gmt":"2023-10-10T19:45:29","guid":{"rendered":"https:\/\/metinturgay.net\/wordpress\/?page_id=54"},"modified":"2025-04-28T09:17:11","modified_gmt":"2025-04-28T06:17:11","slug":"anasayfa","status":"publish","type":"page","link":"https:\/\/metinturgay.net\/en\/","title":{"rendered":"Home"},"content":{"rendered":"<div data-elementor-type=\"wp-page\" data-elementor-id=\"54\" class=\"elementor elementor-54\">\n\t\t\t\t<div class=\"elementor-element elementor-element-4de62fa e-flex e-con-boxed e-con e-parent\" data-id=\"4de62fa\" data-element_type=\"container\" data-settings=\"{&quot;position&quot;:&quot;absolute&quot;}\">\n\t\t\t\t\t<div class=\"e-con-inner\">\n\t\t\t\t<div class=\"elementor-element elementor-element-4bba63e elementor-widget elementor-widget-html\" data-id=\"4bba63e\" data-element_type=\"widget\" data-widget_type=\"html.default\">\n\t\t\t\t<div class=\"elementor-widget-container\">\n\t\t\t\t\t<!DOCTYPE html>\r\n<html lang=\"en\">\r\n<head>\r\n    <meta charset=\"UTF-8\">\r\n    <meta name=\"viewport\" content=\"width=device-width, initial-scale=1.0\">\r\n    <title>Metin Turgay | Ki\u015fisel Web Sayfas\u0131<\/title>\r\n\t<link rel=\"stylesheet\" href=\"https:\/\/cdnjs.cloudflare.com\/ajax\/libs\/font-awesome\/5.12.0-2\/css\/all.min.css\">\r\n\t<style>\r\nbody {\r\n    margin: 0;\r\n    padding: 0;\r\n    font-family: Arial, sans-serif;\r\n    flex-direction: column;\r\n    justify-content: center;\r\n    align-items: center;\r\n    height: 100vh;\r\n}\r\n\r\n.container {\r\n    background-color: #f2f2f2;\r\n    border: 2px solid #333;\r\n    border-radius: 10px;\r\n    display: flex;\r\n    justify-content: space-between;\r\n    padding: 20px;\r\n    width: 100%;\r\n}\r\n\r\n.column {\r\n    flex: 1;\r\n    padding: 20px;\r\n    text-align: center;\r\n}\r\n\r\n.column.left {\r\n    flex: 5%;\r\n    padding: 5px;\r\n}\r\n\r\n.column.center {\r\n    flex: 80%;\r\n}\r\n\r\n.column.right {\r\n    flex: 5%;\r\n    padding: 5px;\r\n}\r\n\r\n.column img {\r\n    max-width: 100%;\r\n}\r\n\r\n.column h1 {\r\n    font-size: 24px;\r\n}\r\n\r\n.column p {\r\n    font-size: 16px;\r\n}\r\n\r\nul {\r\n  position:relative;\r\n  top:20%;\r\n  left:70%;\r\n  transform: translate(-50%, -50%);\r\n  margin:0;\r\n  padding:0;\r\n  display:flex;\r\n}\r\n\r\nul li {\r\n  list-style: none;\r\n}\r\n\r\nul li a {\r\n  position: relative;\r\n  width:60px;\r\n  height:60px;\r\n  display:block;\r\n  text-align:center;\r\n  margin:0 20px;\r\n  border-radius: 50%;\r\n  padding: 6px;\r\n  box-sizing: border-box;\r\n  text-decoration:none;\r\n  box-shadow: 0 10px 15px rgba(0,0,0,0.3);\r\n  background: linear-gradient(0deg, #ddd, #fff);\r\n  transition: .5s;\r\n}\r\n\r\nul li a:hover {\r\n  box-shadow: 0 2px 5px rgba(0,0,0,0.3);\r\n  text-decoration:none;\r\n}\r\n\r\nul li a .fab {\r\n  widht: 100%;\r\n  height:100%;\r\n  display:block;\r\n  background: linear-gradient(0deg, #fff, #ddd);\r\n  border-radius: 50%;\r\n  line-height: calc(60px - 12px);\r\n  font-size:24px;\r\n  color: #262626;\r\n  transition: .5s;\r\n}\r\n\r\nul li:nth-child(1) a:hover .fab {\r\n  color: #3b5998;\r\n}\r\n\r\nul li:nth-child(2) a:hover .fab {\r\n  color: #00aced;\r\n}\r\n\r\nul li:nth-child(3) a:hover .fab {\r\n  color: #dd4b39;\r\n}\r\n\r\nul li:nth-child(4) a:hover .fab {\r\n  color: #007bb6;\r\n}\r\n\r\nul li:nth-child(5) a:hover .fab {\r\n  color: #e4405f;\r\n}\r\n\r\n\r\n.fa{\r\n\tmargin-right: 5px;\r\n\tfont-size: 1.2rem;\r\n}\r\n.navnew-bar {\r\n    \r\n\twidth: 650px;\r\n\tbackground-color: #f2f2f2;\r\n\tdisplay: flex;\r\n\tflex-direction: row;\r\n\tflex-wrap: wrap;\r\n\tjustify-content: space-between;\r\n\tborder-radius: 50px;\r\n\tbox-shadow:  6px 6px 12px #777777,\r\n             -6px -6px 12px #ffffff;\r\n    margin: auto;\r\n}\r\n.navnew {\r\n\tflex: 1;\r\n\tpadding: 20px 20px;\r\n\tcolor: #000000;\r\n\ttext-align: center;\r\n\tfont-size: 0.9rem;\r\n\ttext-decoration: none;\r\n\tdisplay: inline-block;\r\n}\r\na{\r\n\twhite-space: nowrap;\r\n}\r\n.active{\r\n\tcolor: #73ffe8;\r\n}\r\na:hover{\r\n\tbackground-color: #f2f2f4;\r\n\tborder-radius: 50px;\r\n\tbox-shadow: rgb(38, 57, 77) 0px 20px 30px -10px;\r\n\tfont-size: 1rem;\r\n}\r\n\t<\/style>\r\n\t<script>\r\n\t\tvar header = document.getElementById(\"navbar\");\r\nvar btns = header.getElementsByClassName(\"nav\");\r\nfor (var i = 0; i < btns.length; i++) {\r\n  btns[i].addEventListener(\"click\", function() {\r\n  var current = document.getElementsByClassName(\"active\");\r\n  if (current.length > 0) { \r\n    current[0].className = current[0].className.replace(\" active\", \"\");\r\n  }\r\n  this.className += \" active\";\r\n  });\r\n}\r\n\t<\/script>\r\n<\/head>\r\n<body>\r\n\t<div class=\"navnew-bar\" id=\"navbar\">\r\n\t\t<a href=\"https:\/\/metinturgay.net\/en\/profil\/\" class=\"navnew user\"><i class=\"fa fa-user\"><\/i>Profile<\/a>\r\n\t\t<a href=\"https:\/\/metinturgay.net\/en\/akademik\/\" class=\"navnew akademik\"><i class=\"fa fa-pencil-alt\"><\/i>Academic<\/a>\r\n\t\t<a href=\"https:\/\/metinturgay.net\/en\/duyurular\/\" class=\"navnew duyuru\"><i class=\"fa fa-bullhorn\"><\/i>Announcements<\/a>\r\n\t\t<a href=\"https:\/\/metinturgay.net\/en\/kaynaklar\/\" class=\"navnew kaynaklar\"><i class=\"fa fa-book\"><\/i>Sources<\/a>\r\n\t\t<a href=\"https:\/\/metinturgay.net\/en\/iletisim\/\" class=\"navnew iletisim\"><i class=\"fa fa-envelope\"><\/i>Contact<\/a>\r\n\t<\/div>\r\n\t<div>\r\n\t    <br>\r\n\t<\/div>\r\n    <div class=\"container\">\r\n        <div class=\"column left\">\r\n            <img decoding=\"async\" style=\"            position:relative;             top:50%;            transform: translateY(-50%);\" \r\n            src=\"https:\/\/metinturgay.net\/wp-content\/uploads\/2023\/10\/selcuklogo.png\" width=\"180\" alt=\"Selcuk logo\">\r\n        <\/div>\r\n        <div class=\"column\">\r\n            <h1>Ar\u015f. G\u00f6r. Dr. Metin Turgay<\/h1>\r\n            <p>Faculty of Science\r\n            <br>\r\n            Department of Mathematics<\/p>\r\n        <\/div>\r\n        <div class=\"column right\">\r\n\t\t\t<ul>\r\n\t\t\t\t<li><a href=\"https:\/\/www.instagram.com\/metin.turgay\"><i class=\"fab fa-instagram\" aria-hidden=\"true\"><\/i><\/a><\/li>\r\n\t\t\t\t<li><a href=\"https:\/\/www.researchgate.net\/profile\/Metin-Turgay\"><i class=\"fab fa-researchgate\" aria-hidden=\"true\"><\/i><\/a><\/li>\r\n\t\t\t  <\/ul>\r\n\t\t\t  <p>\r\n\t\t\t      <br>\r\n                metin.turgay@selcuk.edu.tr<br>\r\n                0332 223 3971\r\n\t\t\t  <\/p>\r\n        <\/div>\r\n    <\/div>\r\n<\/body>\r\n<\/html>\r\n\t\t\t\t<\/div>\n\t\t\t\t<\/div>\n\t\t\t\t\t<\/div>\n\t\t\t\t<\/div>\n\t\t<div class=\"elementor-element elementor-element-8b42ed8 e-flex e-con-boxed e-con e-parent\" data-id=\"8b42ed8\" data-element_type=\"container\">\n\t\t\t\t\t<div class=\"e-con-inner\">\n\t\t\t\t\t<\/div>\n\t\t\t\t<\/div>\n\t\t\t\t<\/div>","protected":false},"excerpt":{"rendered":"<p>Metin Turgay | Ki\u015fisel Web Sayfas\u0131 Profil Akademik Duyurular Kaynaklar \u0130leti\u015fim Ar\u015f. G\u00f6r. Dr. Metin Turgay Fen Fak\u00fcltesi Matematik B\u00f6l\u00fcm\u00fc metin.turgay@selcuk.edu.tr 0332 223 3971<\/p>","protected":false},"author":1,"featured_media":0,"parent":0,"menu_order":0,"comment_status":"closed","ping_status":"closed","template":"elementor_canvas","meta":{"footnotes":""},"class_list":["post-54","page","type-page","status-publish","hentry"],"_links":{"self":[{"href":"https:\/\/metinturgay.net\/en\/wp-json\/wp\/v2\/pages\/54","targetHints":{"allow":["GET"]}}],"collection":[{"href":"https:\/\/metinturgay.net\/en\/wp-json\/wp\/v2\/pages"}],"about":[{"href":"https:\/\/metinturgay.net\/en\/wp-json\/wp\/v2\/types\/page"}],"author":[{"embeddable":true,"href":"https:\/\/metinturgay.net\/en\/wp-json\/wp\/v2\/users\/1"}],"replies":[{"embeddable":true,"href":"https:\/\/metinturgay.net\/en\/wp-json\/wp\/v2\/comments?post=54"}],"version-history":[{"count":100,"href":"https:\/\/metinturgay.net\/en\/wp-json\/wp\/v2\/pages\/54\/revisions"}],"predecessor-version":[{"id":362,"href":"https:\/\/metinturgay.net\/en\/wp-json\/wp\/v2\/pages\/54\/revisions\/362"}],"wp:attachment":[{"href":"https:\/\/metinturgay.net\/en\/wp-json\/wp\/v2\/media?parent=54"}],"curies":[{"name":"wp","href":"https:\/\/api.w.org\/{rel}","templated":true}]}}