{"id":285,"date":"2024-02-28T14:22:11","date_gmt":"2024-02-28T11:22:11","guid":{"rendered":"https:\/\/metinturgay.net\/?page_id=285"},"modified":"2024-02-29T00:13:28","modified_gmt":"2024-02-28T21:13:28","slug":"fbe","status":"publish","type":"page","link":"https:\/\/metinturgay.net\/en\/fbe\/","title":{"rendered":"S. \u00dc. FBE LaTeX \u015eablonu"},"content":{"rendered":"<div data-elementor-type=\"wp-page\" data-elementor-id=\"285\" class=\"elementor elementor-285\">\n\t\t\t\t<div class=\"elementor-element elementor-element-74096af e-flex e-con-boxed e-con e-parent\" data-id=\"74096af\" data-element_type=\"container\">\n\t\t\t\t\t<div class=\"e-con-inner\">\n\t\t\t\t<div class=\"elementor-element elementor-element-0445ba8 elementor-widget elementor-widget-text-editor\" data-id=\"0445ba8\" data-element_type=\"widget\" data-widget_type=\"text-editor.default\">\n\t\t\t\t<div class=\"elementor-widget-container\">\n\t\t\t\t\t\t\t\t\t<h1><strong>Yararl\u0131 linkler ve belgeler<\/strong><\/h1><p>Latex Tez Yaz\u0131m \u015eablonu E\u011fitim Semineri Slayt\u0131: <a href=\"https:\/\/metinturgay.net\/wp-content\/uploads\/2024\/02\/Latex-Egitim-Turgay.pdf\">PDF<\/a><\/p><p>Enstit\u00fc LaTeX \u015fablonu: <a href=\"https:\/\/www.overleaf.com\/latex\/templates\/selcuk-universitesi-fen-bilimleri-enstitusu-latex-tez-sablonu\/hsnjyxfxmrtb\">overleaf<\/a> veya <a href=\"https:\/\/metinturgay.net\/wp-content\/uploads\/2024\/02\/Selcuk-Universitesi-Fen-Bilimleri-Enstitusu-LaTeX-Tez-Sablonu.zip\">.zip<\/a><\/p><p>Enstit\u00fc tez yaz\u0131m klavuzu: <a href=\"https:\/\/selcuk.edu.tr\/Birim\/enstituler\/fen_bilimleri_enstitusu\/1837\/tez-yazim-kilavuzu\/42556\">link<\/a><\/p><p>MikTex kurulum: <a href=\"https:\/\/miktex.org\/download\">link<\/a><\/p><p>TeXstudio kurulum: <a href=\"https:\/\/www.texstudio.org\">link<\/a><\/p><p>JabRef kurulum: <a href=\"https:\/\/www.jabref.org\">link<\/a><\/p>\t\t\t\t\t\t\t\t<\/div>\n\t\t\t\t<\/div>\n\t\t\t\t\t<\/div>\n\t\t\t\t<\/div>\n\t\t\t\t<\/div>","protected":false},"excerpt":{"rendered":"<p>Yararl\u0131 linkler ve belgeler Latex Tez Yaz\u0131m \u015eablonu E\u011fitim Semineri Slayt\u0131: PDF Enstit\u00fc LaTeX \u015fablonu: overleaf veya .zip Enstit\u00fc tez yaz\u0131m klavuzu: link MikTex kurulum: link TeXstudio kurulum: link JabRef kurulum: link<\/p>","protected":false},"author":1,"featured_media":0,"parent":0,"menu_order":0,"comment_status":"closed","ping_status":"closed","template":"page-template\/custom-home-page.php","meta":{"footnotes":""},"class_list":["post-285","page","type-page","status-publish","hentry"],"_links":{"self":[{"href":"https:\/\/metinturgay.net\/en\/wp-json\/wp\/v2\/pages\/285","targetHints":{"allow":["GET"]}}],"collection":[{"href":"https:\/\/metinturgay.net\/en\/wp-json\/wp\/v2\/pages"}],"about":[{"href":"https:\/\/metinturgay.net\/en\/wp-json\/wp\/v2\/types\/page"}],"author":[{"embeddable":true,"href":"https:\/\/metinturgay.net\/en\/wp-json\/wp\/v2\/users\/1"}],"replies":[{"embeddable":true,"href":"https:\/\/metinturgay.net\/en\/wp-json\/wp\/v2\/comments?post=285"}],"version-history":[{"count":29,"href":"https:\/\/metinturgay.net\/en\/wp-json\/wp\/v2\/pages\/285\/revisions"}],"predecessor-version":[{"id":321,"href":"https:\/\/metinturgay.net\/en\/wp-json\/wp\/v2\/pages\/285\/revisions\/321"}],"wp:attachment":[{"href":"https:\/\/metinturgay.net\/en\/wp-json\/wp\/v2\/media?parent=285"}],"curies":[{"name":"wp","href":"https:\/\/api.w.org\/{rel}","templated":true}]}}