{"id":23,"date":"2023-10-10T16:29:46","date_gmt":"2023-10-10T13:29:46","guid":{"rendered":"https:\/\/metinturgay.net\/wordpress\/?page_id=23"},"modified":"2023-10-13T13:49:34","modified_gmt":"2023-10-13T10:49:34","slug":"iletisim","status":"publish","type":"page","link":"https:\/\/metinturgay.net\/en\/iletisim\/","title":{"rendered":"Contact"},"content":{"rendered":"<div data-elementor-type=\"wp-page\" data-elementor-id=\"23\" class=\"elementor elementor-23\">\n\t\t\t\t<div class=\"elementor-element elementor-element-2500876 e-flex e-con-boxed e-con e-parent\" data-id=\"2500876\" data-element_type=\"container\">\n\t\t\t\t\t<div class=\"e-con-inner\">\n\t\t<div class=\"elementor-element elementor-element-9479cde e-con-full e-flex e-con e-child\" data-id=\"9479cde\" data-element_type=\"container\">\n\t\t\t\t<div class=\"elementor-element elementor-element-16bbb46 elementor-widget elementor-widget-text-editor\" data-id=\"16bbb46\" data-element_type=\"widget\" data-widget_type=\"text-editor.default\">\n\t\t\t\t<div class=\"elementor-widget-container\">\n\t\t\t\t\t\t\t\t\t<h1><span style=\"color: #000000;\"><strong>Contact Information<\/strong><\/span><\/h1><ul><li><span style=\"color: #000000;\"><strong>Address:<\/strong><\/span><\/li><\/ul><p style=\"padding-left: 40px;\"><span style=\"color: #000000;\">Selcuk University Faculty of Science Department of Mathematics Room:219 Selcuklu\/KONYA<\/span><\/p><ul><li><span style=\"color: #000000;\"><strong>Email:<\/strong><\/span><\/li><\/ul><p style=\"padding-left: 40px;\"><span style=\"color: #000000;\">metin.turgay@selcuk.edu.tr<\/span><\/p><ul><li><span style=\"color: #000000;\"><strong>Phone:<\/strong><\/span><\/li><\/ul><p style=\"padding-left: 40px;\"><span style=\"color: #000000;\">0 (332) 223 39 71<\/span><\/p>\t\t\t\t\t\t\t\t<\/div>\n\t\t\t\t<\/div>\n\t\t\t\t<\/div>\n\t\t<div class=\"elementor-element elementor-element-1a1c6f5 e-con-full e-flex e-con e-child\" data-id=\"1a1c6f5\" data-element_type=\"container\">\n\t\t\t\t<div class=\"elementor-element elementor-element-7d964f3 elementor-widget elementor-widget-text-editor\" data-id=\"7d964f3\" data-element_type=\"widget\" data-widget_type=\"text-editor.default\">\n\t\t\t\t<div class=\"elementor-widget-container\">\n\t\t\t\t\t\t\t\t\t<p><div class=\"everest-forms\"><div class=\"evf-container default\" id=\"evf-210\"><form id=\"evf-form-210\" class=\"everest-form\" data-formid=\"210\" data-ajax_submission=\"0\" data-keyboard_friendly_form=\"0\" method=\"post\" enctype=\"multipart\/form-data\" action=\"\/en\/wp-json\/wp\/v2\/pages\/23\" data-trp-original-action=\"\/en\/wp-json\/wp\/v2\/pages\/23\"><div class=\"evf-field-container\"><input type=\"hidden\" id=\"_wpnonce210\" name=\"_wpnonce210\" value=\"aee6a1c24c\" \/><input type=\"hidden\" name=\"_wp_http_referer\" value=\"\/en\/wp-json\/wp\/v2\/pages\/23\" \/><div class=\"evf-frontend-row\" data-row=\"row_1\" conditional_rules=\"[]\"><div class=\"evf-frontend-grid evf-grid-1\" data-grid=\"grid_1\"><div id=\"evf-210-field_fullname-container\" class=\"evf-field evf-field-text form-row validate-required\" data-required-field-message=\"This field is required.\" data-field-id=\"fullname\"><label class=\"evf-field-label\" for=\"evf-210-field_fullname\"><span class=\"evf-label\">Name<\/span> <abbr class=\"required\" title=\"Required\">*<\/abbr><\/label><input type=\"text\" id=\"evf-210-field_fullname\" class=\"input-text\" name=\"everest_forms[form_fields][fullname]\" required><\/div><div id=\"evf-210-field_email-container\" class=\"evf-field evf-field-email form-row validate-required validate-email\" data-required-field-message=\"Please enter a valid email address.\" data-field-id=\"email\"><label class=\"evf-field-label\" for=\"evf-210-field_email\"><span class=\"evf-label\">Email<\/span> <abbr class=\"required\" title=\"Required\">*<\/abbr><\/label><input type=\"email\" id=\"evf-210-field_email\" class=\"input-text\" name=\"everest_forms[form_fields][email]\" required><\/div><div id=\"evf-210-field_subject-container\" class=\"evf-field evf-field-text form-row validate-required\" data-required-field-message=\"This field is required.\" data-field-id=\"subject\"><label class=\"evf-field-label\" for=\"evf-210-field_subject\"><span class=\"evf-label\">Subject<\/span> <abbr class=\"required\" title=\"Required\">*<\/abbr><\/label><input type=\"text\" id=\"evf-210-field_subject\" class=\"input-text\" name=\"everest_forms[form_fields][subject]\" required><\/div><div id=\"evf-210-field_message-container\" class=\"evf-field evf-field-textarea form-row validate-required\" data-required-field-message=\"This field is required.\" data-field-id=\"message\"><label class=\"evf-field-label\" for=\"evf-210-field_message\"><span class=\"evf-label\">Message<\/span> <abbr class=\"required\" title=\"Required\">*<\/abbr><\/label><textarea id=\"evf-210-field_message\" class=\"input-text\" name=\"everest_forms[form_fields][message]\" required><\/textarea><\/div><\/div><\/div><\/div><div class=\"evf-honeypot-container evf-field-hp\"><label for=\"evf-210-field-hp\" class=\"evf-field-label\">Comment<\/label><input type=\"text\" name=\"everest_forms[hp]\" id=\"evf-210-field-hp\" class=\"input-text\"><\/div><div class=\"evf-submit-container\" ><input type=\"hidden\" name=\"everest_forms[id]\" value=\"210\"><input type=\"hidden\" name=\"everest_forms[author]\" value=\"1\"><button type='submit' name='everest_forms[submit]' class='everest-forms-submit-button button evf-submit' id='evf-submit-210' value='evf-submit' data-process-text=\"G\u00f6nderiliyor...\" conditional_rules='&quot;&quot;' conditional_id='evf-submit-210'  aria-live=\"assertive\">Send<\/button><\/div><input type=\"hidden\" name=\"trp-form-language\" value=\"en\"\/><\/form><\/div><!-- .evf-container --><\/div>\u00a0<\/p>\t\t\t\t\t\t\t\t<\/div>\n\t\t\t\t<\/div>\n\t\t\t\t<\/div>\n\t\t<div class=\"elementor-element elementor-element-fe4d16e e-con-full e-flex e-con e-child\" data-id=\"fe4d16e\" data-element_type=\"container\">\n\t\t\t\t<div class=\"elementor-element elementor-element-f60eee5 elementor-widget elementor-widget-google_maps\" data-id=\"f60eee5\" data-element_type=\"widget\" data-widget_type=\"google_maps.default\">\n\t\t\t\t<div class=\"elementor-widget-container\">\n\t\t\t\t\t\t\t<div class=\"elementor-custom-embed\">\n\t\t\t<iframe loading=\"lazy\"\n\t\t\t\t\tsrc=\"https:\/\/maps.google.com\/maps?q=Sel%C3%A7uk%20%C3%9Cniviersitesi%2C%20Fen%20Fak%C3%BCltesi%2C%20Matematik%20B%C3%B6l%C3%BCm%C3%BC&#038;t=m&#038;z=15&#038;output=embed&#038;iwloc=near\"\n\t\t\t\t\ttitle=\"Sel\u00e7uk \u00dcniviersitesi, Fen Fak\u00fcltesi, Matematik B\u00f6l\u00fcm\u00fc\"\n\t\t\t\t\taria-label=\"Sel\u00e7uk \u00dcniviersitesi, Fen Fak\u00fcltesi, Matematik B\u00f6l\u00fcm\u00fc\"\n\t\t\t><\/iframe>\n\t\t<\/div>\n\t\t\t\t\t\t<\/div>\n\t\t\t\t<\/div>\n\t\t\t\t<\/div>\n\t\t\t\t\t<\/div>\n\t\t\t\t<\/div>\n\t\t<div class=\"elementor-element elementor-element-89cf8a2 e-flex e-con-boxed e-con e-parent\" data-id=\"89cf8a2\" data-element_type=\"container\">\n\t\t\t\t\t<div class=\"e-con-inner\">\n\t\t\t\t\t<\/div>\n\t\t\t\t<\/div>\n\t\t\t\t<\/div>","protected":false},"excerpt":{"rendered":"<p>\u0130leti\u015fim Bilgileri Adres: Sel\u00e7uk \u00dcniversitesi Fen Fak\u00fcltesi Matematik B\u00f6l\u00fcm\u00fc Oda:219 Sel\u00e7uklu\/KONYA Eposta: metin.turgay@selcuk.edu.tr Telefon: 0 (332) 223 39 71 \u00a0<\/p>","protected":false},"author":1,"featured_media":0,"parent":0,"menu_order":0,"comment_status":"closed","ping_status":"closed","template":"page-template\/custom-home-page.php","meta":{"footnotes":""},"class_list":["post-23","page","type-page","status-publish","hentry"],"_links":{"self":[{"href":"https:\/\/metinturgay.net\/en\/wp-json\/wp\/v2\/pages\/23","targetHints":{"allow":["GET"]}}],"collection":[{"href":"https:\/\/metinturgay.net\/en\/wp-json\/wp\/v2\/pages"}],"about":[{"href":"https:\/\/metinturgay.net\/en\/wp-json\/wp\/v2\/types\/page"}],"author":[{"embeddable":true,"href":"https:\/\/metinturgay.net\/en\/wp-json\/wp\/v2\/users\/1"}],"replies":[{"embeddable":true,"href":"https:\/\/metinturgay.net\/en\/wp-json\/wp\/v2\/comments?post=23"}],"version-history":[{"count":7,"href":"https:\/\/metinturgay.net\/en\/wp-json\/wp\/v2\/pages\/23\/revisions"}],"predecessor-version":[{"id":216,"href":"https:\/\/metinturgay.net\/en\/wp-json\/wp\/v2\/pages\/23\/revisions\/216"}],"wp:attachment":[{"href":"https:\/\/metinturgay.net\/en\/wp-json\/wp\/v2\/media?parent=23"}],"curies":[{"name":"wp","href":"https:\/\/api.w.org\/{rel}","templated":true}]}}