{"id":22,"date":"2023-10-10T16:29:46","date_gmt":"2023-10-10T13:29:46","guid":{"rendered":"https:\/\/metinturgay.net\/wordpress\/?page_id=22"},"modified":"2024-01-03T14:48:28","modified_gmt":"2024-01-03T11:48:28","slug":"duyurular","status":"publish","type":"page","link":"https:\/\/metinturgay.net\/en\/duyurular\/","title":{"rendered":"Announcements"},"content":{"rendered":"<div data-elementor-type=\"wp-page\" data-elementor-id=\"22\" class=\"elementor elementor-22\">\n\t\t\t\t<div class=\"elementor-element elementor-element-541bc66 e-flex e-con-boxed e-con e-parent\" data-id=\"541bc66\" data-element_type=\"container\">\n\t\t\t\t\t<div class=\"e-con-inner\">\n\t\t\t\t<div class=\"elementor-element elementor-element-f01730a elementor-widget elementor-widget-text-editor\" data-id=\"f01730a\" data-element_type=\"widget\" data-widget_type=\"text-editor.default\">\n\t\t\t\t<div class=\"elementor-widget-container\">\n\t\t\t\t\t\t\t\t\t<p style=\"text-align: center;\"><strong>Uygulama Dersleri<\/strong><\/p>\n<table>\n<thead>\n<tr>\n<th><\/th>\n<th style=\"text-align: center;\" colspan=\"3\">Analiz I<\/th>\n<th style=\"text-align: center;\" colspan=\"3\">Fonksiyonel Analiz I<\/th>\n<\/tr>\n<\/thead>\n<tbody>\n<tr>\n<td><\/td>\n<td>Tarih<\/td>\n<td>Saat<\/td>\n<td>S\u0131n\u0131f<\/td>\n<td>Tarih<\/td>\n<td>Saat<\/td>\n<td>S\u0131n\u0131f<\/td>\n<\/tr>\n<tr>\n<td>Uygulama Dersi 1<\/td>\n<td>04.10.2023<\/td>\n<td>15:30<\/td>\n<td>M2<\/td>\n<td>05.10.2023<\/td>\n<td>13:30<\/td>\n<td>M3<\/td>\n<\/tr>\n<tr>\n<td>Uygulama Dersi 2<\/td>\n<td>09.10.2023<\/td>\n<td>15:30<\/td>\n<td>M2<\/td>\n<td>12.10.2023<\/td>\n<td>13:00<\/td>\n<td>M3<\/td>\n<\/tr>\n<tr>\n<td>Uygulama Dersi 3<\/td>\n<td>16.10.2023<\/td>\n<td>15:00<\/td>\n<td>M2<\/td>\n<td>26.10.2023<\/td>\n<td>13:00<\/td>\n<td>M3<\/td>\n<\/tr>\n<tr>\n<td>Uygulama Dersi 4<\/td>\n<td>23.10.2023<\/td>\n<td>15:00<\/td>\n<td>M2<\/td>\n<td>02.11.2023<\/td>\n<td>13:00<\/td>\n<td>M3<\/td>\n<\/tr>\n<tr>\n<td>Uygulama Dersi 5<\/td>\n<td>26.10.2023<\/td>\n<td>15:00<\/td>\n<td>M2<\/td>\n<td>09.11.2023<\/td>\n<td>13:00<\/td>\n<td>M3<\/td>\n<\/tr>\n<tr>\n<td>&nbsp;Uygulama Dersi 6<\/td>\n<td>07.11.2023<\/td>\n<td>15:00<\/td>\n<td>M2<\/td>\n<td>07.12.2023 (\u0130PTAL)<\/td>\n<td>13:00<\/td>\n<td>M3<\/td>\n<\/tr>\n<tr>\n<td>&nbsp;Uygulama Dersi 7<\/td>\n<td>04.12.2023<\/td>\n<td>15:00<\/td>\n<td>M2<\/td>\n<td>21.12.2023<\/td>\n<td>13:00<\/td>\n<td>M3<\/td>\n<\/tr>\n<tr>\n<td>&nbsp;Uygulama Dersi 8<\/td>\n<td>&nbsp;18.12.2023<\/td>\n<td>&nbsp;15:00<\/td>\n<td>M2<\/td>\n<td>11.01.2023 (SORU \u00c7\u00d6Z\u00dcM\u00dc)<\/td>\n<td>13:00<\/td>\n<td>M3<\/td>\n<\/tr>\n<tr>\n<td>&nbsp;Uygulama Dersi 9<\/td>\n<td>&nbsp;25.12.2023<\/td>\n<td>&nbsp;15:00<\/td>\n<td>M2<\/td>\n<td><\/td>\n<td><\/td>\n<td><\/td>\n<\/tr>\n<tr>\n<td>&nbsp;<\/td>\n<td><\/td>\n<td>&nbsp;<\/td>\n<td><br><\/td>\n<td><\/td>\n<td><\/td>\n<td><\/td>\n<\/tr>\n<\/tbody>\n<\/table>\t\t\t\t\t\t\t\t<\/div>\n\t\t\t\t<\/div>\n\t\t\t\t\t<\/div>\n\t\t\t\t<\/div>\n\t\t\t\t<\/div>","protected":false},"excerpt":{"rendered":"<p>Uygulama Dersleri Analiz I Fonksiyonel Analiz I Tarih Saat S\u0131n\u0131f Tarih Saat S\u0131n\u0131f Uygulama Dersi 1 04.10.2023 15:30 M2 05.10.2023 13:30 M3 Uygulama Dersi 2 09.10.2023 15:30 M2 12.10.2023 13:00 M3 Uygulama Dersi 3 16.10.2023 15:00 M2 26.10.2023 13:00 M3 Uygulama Dersi 4 23.10.2023 15:00 M2 02.11.2023 13:00 M3 Uygulama Dersi 5 26.10.2023 15:00 M2 [&hellip;]<\/p>","protected":false},"author":1,"featured_media":0,"parent":0,"menu_order":0,"comment_status":"closed","ping_status":"closed","template":"page-template\/custom-home-page.php","meta":{"footnotes":""},"class_list":["post-22","page","type-page","status-publish","hentry"],"_links":{"self":[{"href":"https:\/\/metinturgay.net\/en\/wp-json\/wp\/v2\/pages\/22","targetHints":{"allow":["GET"]}}],"collection":[{"href":"https:\/\/metinturgay.net\/en\/wp-json\/wp\/v2\/pages"}],"about":[{"href":"https:\/\/metinturgay.net\/en\/wp-json\/wp\/v2\/types\/page"}],"author":[{"embeddable":true,"href":"https:\/\/metinturgay.net\/en\/wp-json\/wp\/v2\/users\/1"}],"replies":[{"embeddable":true,"href":"https:\/\/metinturgay.net\/en\/wp-json\/wp\/v2\/comments?post=22"}],"version-history":[{"count":43,"href":"https:\/\/metinturgay.net\/en\/wp-json\/wp\/v2\/pages\/22\/revisions"}],"predecessor-version":[{"id":283,"href":"https:\/\/metinturgay.net\/en\/wp-json\/wp\/v2\/pages\/22\/revisions\/283"}],"wp:attachment":[{"href":"https:\/\/metinturgay.net\/en\/wp-json\/wp\/v2\/media?parent=22"}],"curies":[{"name":"wp","href":"https:\/\/api.w.org\/{rel}","templated":true}]}}