{"id":21,"date":"2023-10-10T16:29:46","date_gmt":"2023-10-10T13:29:46","guid":{"rendered":"https:\/\/metinturgay.net\/wordpress\/?page_id=21"},"modified":"2025-12-26T19:21:42","modified_gmt":"2025-12-26T16:21:42","slug":"kaynaklar","status":"publish","type":"page","link":"https:\/\/metinturgay.net\/en\/kaynaklar\/","title":{"rendered":"Sources"},"content":{"rendered":"<div data-elementor-type=\"wp-page\" data-elementor-id=\"21\" class=\"elementor elementor-21\">\n\t\t\t\t<div class=\"elementor-element elementor-element-b43b7ec e-flex e-con-boxed e-con e-parent\" data-id=\"b43b7ec\" data-element_type=\"container\">\n\t\t\t\t\t<div class=\"e-con-inner\">\n\t\t\t\t<div class=\"elementor-element elementor-element-24bc980 elementor-widget elementor-widget-text-editor\" data-id=\"24bc980\" data-element_type=\"widget\" data-widget_type=\"text-editor.default\">\n\t\t\t\t<div class=\"elementor-widget-container\">\n\t\t\t\t\t\t\t\t\t<div style=\"overflow-x: auto; -webkit-overflow-scrolling: touch; width: 100%;\">\n<table style=\"text-align: center; table-layout: fixed; width: 750px;\"><colgroup> <col style=\"width: 300px;\" \/> <col style=\"width: 150px;\" \/> <col style=\"width: 150px;\" \/> <col style=\"width: 200px;\" \/> <col style=\"width: 120px;\" \/> <\/colgroup> <colgroup> <col style=\"width: 300px;\" \/> <col style=\"width: 150px;\" \/> <col style=\"width: 150px;\" \/> <col style=\"width: 200px;\" \/> <col style=\"width: 120px;\" \/> <\/colgroup>\n<thead>\n<tr>\n<th>Course Name<\/th>\n<th>Course Period<\/th>\n<th>Upload Date<\/th>\n<th>Instructor<\/th>\n<th>DOWNLOAD LINK<\/th>\n<\/tr>\n<\/thead>\n<tbody>\n<tr>\n<td>Matematik Analiz I \u00c7al\u0131\u015fma Sorular\u0131<\/td>\n<td>2025-2026 G\u00fcz<\/td>\n<td>21.12.2025<\/td>\n<td>Ar\u015f. G\u00f6r. Dr. Metin Turgay<\/td>\n<td><a href=\"https:\/\/metinturgay.net\/wp-content\/uploads\/2025\/12\/Muhendislik-Analiz-I.pdf\">PDF<\/a><\/td>\n<\/tr>\n<tr>\n<td>Functional Analysis I Exercise Note<\/td>\n<td>2025-2026 G\u00fcz<\/td>\n<td>26.10.2025<\/td>\n<td>Ar\u015f. G\u00f6r. Dr. Metin Turgay<\/td>\n<td><a href=\"https:\/\/metinturgay.net\/wp-content\/uploads\/2025\/12\/Fonksiyonel-Analiz-I-Uygulama.pdf\">PDF<\/a><\/td>\n<\/tr>\n<tr>\n<td>Diferensiyel Denklem I \u00c7al\u0131\u015fma Sorular\u0131<\/td>\n<td>2025-2026 G\u00fcz<\/td>\n<td>21.12.2025<\/td>\n<td>Ar\u015f. G\u00f6r. Dr. Metin Turgay<\/td>\n<td><a href=\"https:\/\/metinturgay.net\/wp-content\/uploads\/2025\/12\/Diferensiyel-Denklemler-I.pdf\">PDF<\/a> |\n<a href=\"https:\/\/metinturgay.net\/wp-content\/uploads\/2025\/11\/cozumler.html\">\u00c7\u00f6z\u00fcmler<\/a><\/td>\n<\/tr>\n<\/tbody>\n<\/table>\n<\/div>\t\t\t\t\t\t\t\t<\/div>\n\t\t\t\t<\/div>\n\t\t\t\t\t<\/div>\n\t\t\t\t<\/div>\n\t\t\t\t<\/div>","protected":false},"excerpt":{"rendered":"<p>Ders Ad\u0131 Ders D\u00f6nemi Y\u00fcklenme Tarihi Dersi Veren \u0130ND\u0130RME L\u0130NK\u0130 Matematik Analiz I \u00c7al\u0131\u015fma Sorular\u0131 2025-2026 G\u00fcz 21.12.2025 Ar\u015f. G\u00f6r. Dr. Metin Turgay PDF Fonksiyonel Analiz I Uygulama Notu 2025-2026 G\u00fcz 26.10.2025 Ar\u015f. G\u00f6r. Dr. Metin Turgay PDF Diferensiyel Denklem I \u00c7al\u0131\u015fma Sorular\u0131 2025-2026 G\u00fcz 21.12.2025 Ar\u015f. G\u00f6r. Dr. Metin Turgay PDF | \u00c7\u00f6z\u00fcmler<\/p>","protected":false},"author":1,"featured_media":0,"parent":0,"menu_order":0,"comment_status":"closed","ping_status":"closed","template":"page-template\/custom-home-page.php","meta":{"footnotes":""},"class_list":["post-21","page","type-page","status-publish","hentry"],"_links":{"self":[{"href":"https:\/\/metinturgay.net\/en\/wp-json\/wp\/v2\/pages\/21","targetHints":{"allow":["GET"]}}],"collection":[{"href":"https:\/\/metinturgay.net\/en\/wp-json\/wp\/v2\/pages"}],"about":[{"href":"https:\/\/metinturgay.net\/en\/wp-json\/wp\/v2\/types\/page"}],"author":[{"embeddable":true,"href":"https:\/\/metinturgay.net\/en\/wp-json\/wp\/v2\/users\/1"}],"replies":[{"embeddable":true,"href":"https:\/\/metinturgay.net\/en\/wp-json\/wp\/v2\/comments?post=21"}],"version-history":[{"count":37,"href":"https:\/\/metinturgay.net\/en\/wp-json\/wp\/v2\/pages\/21\/revisions"}],"predecessor-version":[{"id":427,"href":"https:\/\/metinturgay.net\/en\/wp-json\/wp\/v2\/pages\/21\/revisions\/427"}],"wp:attachment":[{"href":"https:\/\/metinturgay.net\/en\/wp-json\/wp\/v2\/media?parent=21"}],"curies":[{"name":"wp","href":"https:\/\/api.w.org\/{rel}","templated":true}]}}