{"id":20,"date":"2023-10-10T16:29:46","date_gmt":"2023-10-10T13:29:46","guid":{"rendered":"https:\/\/metinturgay.net\/wordpress\/?page_id=20"},"modified":"2025-10-25T20:35:03","modified_gmt":"2025-10-25T17:35:03","slug":"akademik","status":"publish","type":"page","link":"https:\/\/metinturgay.net\/en\/akademik\/","title":{"rendered":"Academic"},"content":{"rendered":"<div data-elementor-type=\"wp-page\" data-elementor-id=\"20\" class=\"elementor elementor-20\">\n\t\t\t\t<div class=\"elementor-element elementor-element-e5a3eeb e-flex e-con-boxed e-con e-parent\" data-id=\"e5a3eeb\" data-element_type=\"container\">\n\t\t\t\t\t<div class=\"e-con-inner\">\n\t\t\t\t<div class=\"elementor-element elementor-element-7352eba elementor-tabs-view-horizontal elementor-widget elementor-widget-tabs\" data-id=\"7352eba\" data-element_type=\"widget\" data-widget_type=\"tabs.default\">\n\t\t\t\t<div class=\"elementor-widget-container\">\n\t\t\t\t\t\t\t<div class=\"elementor-tabs\">\n\t\t\t<div class=\"elementor-tabs-wrapper\" role=\"tablist\" >\n\t\t\t\t\t\t\t\t\t<div id=\"elementor-tab-title-1201\" class=\"elementor-tab-title elementor-tab-desktop-title\" aria-selected=\"true\" data-tab=\"1\" role=\"tab\" tabindex=\"0\" aria-controls=\"elementor-tab-content-1201\" aria-expanded=\"false\">CONFERENCES<\/div>\n\t\t\t\t\t\t\t\t\t<div id=\"elementor-tab-title-1202\" class=\"elementor-tab-title elementor-tab-desktop-title\" aria-selected=\"false\" data-tab=\"2\" role=\"tab\" tabindex=\"-1\" aria-controls=\"elementor-tab-content-1202\" aria-expanded=\"false\">PAPERS<\/div>\n\t\t\t\t\t\t\t\t\t<div id=\"elementor-tab-title-1203\" class=\"elementor-tab-title elementor-tab-desktop-title\" aria-selected=\"false\" data-tab=\"3\" role=\"tab\" tabindex=\"-1\" aria-controls=\"elementor-tab-content-1203\" aria-expanded=\"false\">PRESENTATIONS<\/div>\n\t\t\t\t\t\t\t\t\t<div id=\"elementor-tab-title-1204\" class=\"elementor-tab-title elementor-tab-desktop-title\" aria-selected=\"false\" data-tab=\"4\" role=\"tab\" tabindex=\"-1\" aria-controls=\"elementor-tab-content-1204\" aria-expanded=\"false\">PROJECTS<\/div>\n\t\t\t\t\t\t\t<\/div>\n\t\t\t<div class=\"elementor-tabs-content-wrapper\" role=\"tablist\" aria-orientation=\"vertical\">\n\t\t\t\t\t\t\t\t\t<div class=\"elementor-tab-title elementor-tab-mobile-title\" aria-selected=\"true\" data-tab=\"1\" role=\"tab\" tabindex=\"0\" aria-controls=\"elementor-tab-content-1201\" aria-expanded=\"false\">CONFERENCES<\/div>\n\t\t\t\t\t<div id=\"elementor-tab-content-1201\" class=\"elementor-tab-content elementor-clearfix\" data-tab=\"1\" role=\"tabpanel\" aria-labelledby=\"elementor-tab-title-1201\" tabindex=\"0\" hidden=\"false\"><p><strong>PAST CONFERENCES<\/strong><br \/><a href=\"https:\/\/iccma.selcuk.edu.tr\/\">3rd International Conference: Constructive Mathematical Analysis (ICCMA2025)<\/a>, Local Organizing Committee<\/p><p><a href=\"https:\/\/iwcma.selcuk.edu.tr\/\">2nd International Workshop: Constructive Mathematical Analysis<\/a>, Organizing Committee<\/p><p><a href=\"https:\/\/icomss23.selcuk.edu.tr\/\">2nd International E-Conference on Mathematical and Statistical Sciences: A Selcuk Meeting<\/a>, Organizing Committee<\/p><p><a href=\"https:\/\/icomss22.selcuk.edu.tr\/\">International E-Conference on Mathematical and Statistical Sciences: A Selcuk Meeting<\/a>, Organizing Committee<\/p><\/div>\n\t\t\t\t\t\t\t\t\t<div class=\"elementor-tab-title elementor-tab-mobile-title\" aria-selected=\"false\" data-tab=\"2\" role=\"tab\" tabindex=\"-1\" aria-controls=\"elementor-tab-content-1202\" aria-expanded=\"false\">PAPERS<\/div>\n\t\t\t\t\t<div id=\"elementor-tab-content-1202\" class=\"elementor-tab-content elementor-clearfix\" data-tab=\"2\" role=\"tabpanel\" aria-labelledby=\"elementor-tab-title-1202\" tabindex=\"0\" hidden=\"hidden\"><table>\n<thead>\n<tr>\n<th colspan=\"2\">Articles published in journals within the scope of SCIE, ESCI:<\/th>\n<\/tr>\n<\/thead>\n<tbody>\n<tr>\n<td style=\"font-size: 22px; font-weight: bold;\"><a>1<\/a><\/td>\n<td>Serife Nur Karaman, Metin Turgay, Tuncer Acar, Approximation by Steklov Neural Network Operators, arXiv:2410.01426, (2024). https:\/\/doi.org\/10.48550\/arXiv.2410.01426<\/td>\n<\/tr>\n<tr>\n<td style=\"font-size: 22px; font-weight: bold;\">2<\/td>\n<td>Metin Turgay, Tuncer Acar, Approximation by Modified Generalized Sampling Series, Mediterr. J. Math. 21(2024), 107 . https:\/\/doi.org\/10.1007\/s00009-024-02653-w<br><\/td>\n<\/tr>\n<tr>\n<td style=\"font-size: 22px; font-weight: bold;\">3<\/td>\n<td>\n<div><span style=\"color: var( --e-global-color-text ); font-family: var( --e-global-typography-text-font-family ), Sans-serif; font-weight: var( --e-global-typography-text-font-weight );\">Tuncer Acar, Metin Turgay, Approximation by bivariate generalized sampling series in weighted spaces of functions, Dolomites Research Notes on Approximation,&nbsp;<\/span><span style=\"color: var( --e-global-color-text ); font-family: var( --e-global-typography-text-font-family ), Sans-serif; font-weight: var( --e-global-typography-text-font-weight );\">16 (<\/span><span style=\"color: var( --e-global-color-text ); font-family: var( --e-global-typography-text-font-family ), Sans-serif; font-weight: var( --e-global-typography-text-font-weight );\">2023), 11-22.<\/span><span style=\"color: var( --e-global-color-text ); font-family: var( --e-global-typography-text-font-family ), Sans-serif; font-weight: var( --e-global-typography-text-font-weight );\"> http:\/\/dx.doi.org\/10.14658\/pupj-drna-2023-2-2<\/span><\/div>\n<\/td>\n<\/tr>\n<tr>\n<td style=\"font-size: 22px; font-weight: bold;\">4<\/td>\n<td>Tuncer Acar, Sadettin Kursun, Metin Turgay, Multidimensional Kantorovich modifications of exponential sampling series, Quaestiones Mathematicae, 46 (1) (2023), 57-72. https:\/\/doi.org\/10.2989\/16073606.2021.1992033<br><\/td>\n<\/tr>\n<tr>\n<td style=\"font-size: 22px; font-weight: bold;\">5<\/td>\n<td>Dilek \u00d6zer, Metin Turgay, Tuncer Acar, Approximation Properties of Bivariate Sampling Durrmeyer Series in Weighted Spaces of Functions, Advanced Studies: Euro-Tbilisi Mathematical Journal, 16 (SI3) (2023), 89-107. https:\/\/doi.org\/10.32513\/asetmj\/1932200823307<\/td>\n<\/tr>\n<tr>\n<td style=\"font-size: 22px; font-weight: bold;\">6<\/td>\n<td>Tuncer Acar, Osman Alag\u00f6z, Ali Aral, Danilo Costarelli, Metin Turgay, Gianluca Vinti, Convergence of generalized sampling series in weighted spaces, Demonstratio Mathematica, 55 (1) (2022), 153-162. https:\/\/doi.org\/10.1515\/dema-2022-0014<br><\/td>\n<\/tr>\n<tr>\n<td style=\"font-size: 22px; font-weight: bold;\">7<\/td>\n<td>Tuncer Acar, Osman Alag\u00f6z, Ali Aral, Danilo Costarelli, Metin Turgay, Gianluca Vinti, Approximation by sampling Kantorovich series in weighted spaces of functions, Turkish Journal of Mathematics, 46 (7) (2022), 2663-2676. https:\/\/doi.org\/10.55730\/1300-0098.3293<br><\/td>\n<\/tr>\n<tr>\n<td style=\"font-size: 22px; font-weight: bold;\">8<\/td>\n<td>Osman Alag\u00f6z, Metin Turgay, Tuncer Acar, Merve Parlak, Approximation by sampling Durrmeyer operators in weighted space of functions, Numerical Functional Analysis and Optimization, 43 (10) (2022), 1223-1239. https:\/\/doi.org\/10.1080\/01630563.2022.2096630<br><\/td>\n<\/tr>\n<tr>\n<td style=\"font-size: 22px; font-weight: bold;\">9<\/td>\n<td>Sadettin Kursun, Metin Turgay, Osman Alagoz, Tuncer Acar, Approximation properties of multivariate exponential sampling series, Carpathian Mathematical Publications, 13 (3) (2021), 666-675. https:\/\/doi.org\/10.15330\/cmp.13.3.666-675<br><\/td>\n<\/tr>\n<\/tbody>\n<\/table><\/div>\n\t\t\t\t\t\t\t\t\t<div class=\"elementor-tab-title elementor-tab-mobile-title\" aria-selected=\"false\" data-tab=\"3\" role=\"tab\" tabindex=\"-1\" aria-controls=\"elementor-tab-content-1203\" aria-expanded=\"false\">PRESENTATIONS<\/div>\n\t\t\t\t\t<div id=\"elementor-tab-content-1203\" class=\"elementor-tab-content elementor-clearfix\" data-tab=\"3\" role=\"tabpanel\" aria-labelledby=\"elementor-tab-title-1203\" tabindex=\"0\" hidden=\"hidden\"><table class=\"table_override table-striped\"><thead><tr><th colspan=\"2\"><div><div>INTERNATIONALS<\/div><\/div><\/th><\/tr><\/thead><tbody><tr><td style=\"font-size: 22px; font-weight: bold;\"><a>1<\/a><\/td><td>Metin Turgay, Ali Aral, Tuncer Acar, Sampling Type Series: Approximation Via Riemann-liouville Fractional Integral, 2nd International Workshop: Constructive Mathematical Analysis, 2023, Konya, T\u00fcrkiye.<\/td><\/tr><tr><td style=\"font-size: 22px; font-weight: bold;\"><a>2<\/a><\/td><td>Metin Turgay, Recent Results On Approximation By Fractional Integral Type Sampling Series, Xiii Annual International Conference Of The Georgian Mathematical Union, 2023, Batum, Georgia.<\/td><\/tr><tr><td style=\"font-size: 22px; font-weight: bold;\"><a>3<\/a><\/td><td>Tuncer Acar, Metin Turgay, Sampling Type Operators In Weighted Spaces Of Functions, University of Jaen, Department Of Mathematics Seminars, 2023, Jaen, Spain.<\/td><\/tr><tr><td style=\"font-size: 22px; font-weight: bold;\"><a>4<\/a><\/td><td>Tuncer Acar, Metin Turgay, Bivariate Sampling Type Operators Inweighted Spaces of Functions, International Mathematics And Statistics Student Research Symposium, 2023, Webinar.<\/td><\/tr><tr><td style=\"font-size: 22px; font-weight: bold;\"><a>5<\/a><\/td><td>Metin Turgay, Tuncer Acar, Weighted Approximation By Bivariate Generalized Sampling Series, Functional Analysis, Approximation Theory And Numerical Analysis, 2022, Matera, Italy.<\/td><\/tr><tr><td style=\"font-size: 22px; font-weight: bold;\"><a>6<\/a><\/td><td>Metin Turgay, Tuncer Acar, Ali Aral, Osman Alag\u00f6z, Gianluca Vinti, Danilo Costarelli, Approximation By Sampling Kantorovich Series In Weighted Space Of Functions, Turkish Journal Of Mathematics &#8211; Studies On Scientific Developments In Geometry, Algebra, And Applied Mathematics, 2022, Webinar.<\/td><\/tr><tr><td style=\"font-size: 22px; font-weight: bold;\"><a>7<\/a><\/td><td>Osman Alag\u00f6z, Metin Turgay, Tuncer Acar, Approximation By Sampling Durrmeyer Operators In Weighted Space Of Functions, Turkish Journal Of Mathematics &#8211; Studies On Scientific Developments In Geometry, Algebra, And Applied Mathematics, 2022, Webinar.<\/td><\/tr><tr><td style=\"font-size: 22px; font-weight: bold;\"><a>8<\/a><\/td><td>Metin Turgay, Tuncer Acar, Osman Alag\u00f6z, Convergence Of Generalized Sampling Series In Some New Function Spaces, 8th International Conference On Recent Advances In Pure And Applied Mathematics, 2021, Bodrum, T\u00fcrkiye.<\/td><\/tr><tr><td style=\"font-size: 22px; font-weight: bold;\"><a>9<\/a><\/td><td>Sadettin Kur\u015fun, Metin Turgay, Tuncer Acar, Approximation Properties Of Multivariate Sampling Type Operators, International Online Workshop On Approximation Theory, 2021, Webinar.<\/td><\/tr><tr><td style=\"font-size: 22px; font-weight: bold;\"><a>10<\/a><\/td><td>Metin Turgay, Sadettin Kur\u015fun, Tuncer Acar, Kantorovich Modifications Of Sampling Type Operators For Multivalued Functions, International Online Workshop On Approximation Theory, 2021, Webinar.<\/td><\/tr><tr><td style=\"font-size: 22px; font-weight: bold;\"><a>11<\/a><\/td><td>Sadettin Kur\u015fun, Metin Turgay, Tuncer Acar, Multidimensional Mellin-Taylor Formula and Applications to Voronovskaya Type Theorem, First Online Conference On Modern Fractional Calculus And Its Applications, 2020, Webinar.<\/td><\/tr><tr><td style=\"font-size: 22px; font-weight: bold;\"><a>12<\/a><\/td><td>Metin Turgay, Sadettin Kur\u015fun, Tuncer Acar, Convergence Properties Of Exponential Sampling Kantorovich Series For Multivalued Functions, First Online Conference On Modern Fractional Calculus And Its Applications, 2020, Webinar.<\/td><\/tr><tr><td style=\"font-size: 22px; font-weight: bold;\">\u00a0<\/td><td>\u00a0<\/td><\/tr><\/tbody><\/table><table class=\"table_override table-striped\"><thead><tr><th colspan=\"2\"><div><div>NATIONALS<\/div><\/div><\/th><\/tr><\/thead><tbody><tr><td style=\"font-size: 22px; font-weight: bold;\">1<\/td><td>Metin Turgay, A\u011f\u0131rl\u0131kl\u0131 Uzaylarda Bohmann-Korovkin Teoremi. Bilecik \u015eeyh Edebali \u00dcniversitesi Matematik B\u00f6l\u00fcm\u00fc Seminerleri, 2020, Bilecik, T\u00fcrkiye.<\/td><\/tr><tr><td style=\"font-size: 22px; font-weight: bold;\">2<\/td><td>Metin Turgay, Tuncer Acar, Osman Alag\u00f6z, Ali Aral, Danilo Costarelli, Gianluca Vinti,Genelle\u015ftirilmi\u015f Sampling Serileri ve Kantorovich Formlar\u0131 \u0130le A\u011f\u0131rl\u0131kl\u0131 Yakla\u015f\u0131mlar. Yakla\u015f\u0131mlar Teorisi ve Uygulamalar\u0131 \u00c7al\u0131\u015ftay\u0131, 2022, Ankara, T\u00fcrkiye.<\/td><\/tr><tr><td style=\"font-size: 22px; font-weight: bold;\">\u00a0<\/td><td>\u00a0<\/td><\/tr><\/tbody><\/table><p>\u00a0<\/p><\/div>\n\t\t\t\t\t\t\t\t\t<div class=\"elementor-tab-title elementor-tab-mobile-title\" aria-selected=\"false\" data-tab=\"4\" role=\"tab\" tabindex=\"-1\" aria-controls=\"elementor-tab-content-1204\" aria-expanded=\"false\">PROJECTS<\/div>\n\t\t\t\t\t<div id=\"elementor-tab-content-1204\" class=\"elementor-tab-content elementor-clearfix\" data-tab=\"4\" role=\"tabpanel\" aria-labelledby=\"elementor-tab-title-1204\" tabindex=\"0\" hidden=\"hidden\"><table class=\"table_override table-striped\">\n<thead>\n<tr>\n<th colspan=\"2\">TUB\u0130TAK PROJELER\u0130<\/th>\n<\/tr>\n<\/thead>\n<tbody>\n<tr>\n<td style=\"font-size: 22px; font-weight: bold;\"><a>1<\/a><\/td>\n<td>T\u00dcB\u0130TAK 1002 &#8211; 119F191- Yakla\u015f\u0131m Teorisine Yeni Bir Bak\u0131\u015f A\u00e7\u0131s\u0131: Exponensiyel Yakla\u015f\u0131mlar, Heun Fonksiyonlar\u0131 \u0130ncelenmesi (TAMAMLANDI).<\/td>\n<\/tr>\n<tr>\n<td style=\"font-size: 22px; font-weight: bold;\"><a>2<\/a><\/td>\n<td>T\u00dcB\u0130TAK 3501 &#8211; 119F263 &#8211; Sampling Operat\u00f6rlerin Yeni Fonksiyon Uzaylar\u0131nda Tan\u0131mlanmas\u0131 Ve G\u00f6r\u00fcnt\u00fc \u0130\u015fleme-\u0130yile\u015ftirme \u00dczerine Uygulamalar\u0131 (TAMAMLANDI).<\/td>\n<\/tr>\n<tr>\n<td style=\"font-size: 22px; font-weight: bold;\"><a>3<\/a><\/td>\n<td>T\u00dcB\u0130TAK 2209 &#8211; Riemann-Liouville Kesirli Integral Tipli Genelle\u015ftirilmi\u015f Sampling Kantorovich Operat\u00f6rlerinin G\u00f6r\u00fcnt\u00fc I\u015fleme Uygulamalar\u0131 (DEVAM ED\u0130YOR).<\/td>\n<\/tr>\n<tr>\n<td style=\"font-size: 22px; font-weight: bold;\"><a>4<\/a><\/td>\n<td>T\u00dcB\u0130TAK 1001 &#8211; 123F123 &#8211; Exponansiyel Sampling Serileri Ile\nA\u011f\u0131rl\u0131kl\u0131 Yakla\u015f\u0131mlar Ve Uygulamalar\u0131 (DEVAM ED\u0130YOR).<\/td>\n<\/tr>\n<\/tbody>\n<\/table><\/div>\n\t\t\t\t\t\t\t<\/div>\n\t\t<\/div>\n\t\t\t\t\t\t<\/div>\n\t\t\t\t<\/div>\n\t\t\t\t\t<\/div>\n\t\t\t\t<\/div>\n\t\t\t\t<\/div>","protected":false},"excerpt":{"rendered":"<p>KONFERANSLAR MAKALELER B\u0130LD\u0130R\u0130LER PROJELER KONFERANSLAR GE\u00c7M\u0130\u015e KONFERANSLAR3rd International Conference: Constructive Mathematical Analysis (ICCMA2025), Yerel D\u00fczenleme Komitesi 2nd International Workshop: Constructive Mathematical Analysis, D\u00fczenleme Komitesi 2nd International E-Conference on Mathematical and Statistical Sciences: A Selcuk Meeting, D\u00fczenleme Komitesi International E-Conference on Mathematical and Statistical Sciences: A Selcuk Meeting, D\u00fczenleme Komitesi MAKALELER SCI-EXP, E-SCI Kapsam\u0131ndaki dergilerde yay\u0131mlanan [&hellip;]<\/p>","protected":false},"author":1,"featured_media":0,"parent":0,"menu_order":0,"comment_status":"closed","ping_status":"closed","template":"page-template\/custom-home-page.php","meta":{"footnotes":""},"class_list":["post-20","page","type-page","status-publish","hentry"],"_links":{"self":[{"href":"https:\/\/metinturgay.net\/en\/wp-json\/wp\/v2\/pages\/20","targetHints":{"allow":["GET"]}}],"collection":[{"href":"https:\/\/metinturgay.net\/en\/wp-json\/wp\/v2\/pages"}],"about":[{"href":"https:\/\/metinturgay.net\/en\/wp-json\/wp\/v2\/types\/page"}],"author":[{"embeddable":true,"href":"https:\/\/metinturgay.net\/en\/wp-json\/wp\/v2\/users\/1"}],"replies":[{"embeddable":true,"href":"https:\/\/metinturgay.net\/en\/wp-json\/wp\/v2\/comments?post=20"}],"version-history":[{"count":40,"href":"https:\/\/metinturgay.net\/en\/wp-json\/wp\/v2\/pages\/20\/revisions"}],"predecessor-version":[{"id":379,"href":"https:\/\/metinturgay.net\/en\/wp-json\/wp\/v2\/pages\/20\/revisions\/379"}],"wp:attachment":[{"href":"https:\/\/metinturgay.net\/en\/wp-json\/wp\/v2\/media?parent=20"}],"curies":[{"name":"wp","href":"https:\/\/api.w.org\/{rel}","templated":true}]}}