{"id":19,"date":"2023-10-10T16:29:46","date_gmt":"2023-10-10T13:29:46","guid":{"rendered":"https:\/\/metinturgay.net\/wordpress\/?page_id=19"},"modified":"2025-11-16T23:03:52","modified_gmt":"2025-11-16T20:03:52","slug":"profil","status":"publish","type":"page","link":"https:\/\/metinturgay.net\/en\/profil\/","title":{"rendered":"Profile"},"content":{"rendered":"<div data-elementor-type=\"wp-page\" data-elementor-id=\"19\" class=\"elementor elementor-19\">\n\t\t\t\t<div class=\"elementor-element elementor-element-2856249 e-flex e-con-boxed e-con e-parent\" data-id=\"2856249\" data-element_type=\"container\">\n\t\t\t\t\t<div class=\"e-con-inner\">\n\t\t\t\t<div class=\"elementor-element elementor-element-eacc6f3 elementor-tabs-view-horizontal elementor-widget elementor-widget-tabs\" data-id=\"eacc6f3\" data-element_type=\"widget\" id=\"particles-js\" data-settings=\"{&quot;_animation&quot;:&quot;none&quot;}\" data-widget_type=\"tabs.default\">\n\t\t\t\t<div class=\"elementor-widget-container\">\n\t\t\t\t\t\t\t<div class=\"elementor-tabs\">\n\t\t\t<div class=\"elementor-tabs-wrapper\" role=\"tablist\" >\n\t\t\t\t\t\t\t\t\t<div id=\"elementor-tab-title-2461\" class=\"elementor-tab-title elementor-tab-desktop-title\" aria-selected=\"true\" data-tab=\"1\" role=\"tab\" tabindex=\"0\" aria-controls=\"elementor-tab-content-2461\" aria-expanded=\"false\">About me<\/div>\n\t\t\t\t\t\t\t\t\t<div id=\"elementor-tab-title-2462\" class=\"elementor-tab-title elementor-tab-desktop-title\" aria-selected=\"false\" data-tab=\"2\" role=\"tab\" tabindex=\"-1\" aria-controls=\"elementor-tab-content-2462\" aria-expanded=\"false\">Areas of Expertise<\/div>\n\t\t\t\t\t\t\t\t\t<div id=\"elementor-tab-title-2463\" class=\"elementor-tab-title elementor-tab-desktop-title\" aria-selected=\"false\" data-tab=\"3\" role=\"tab\" tabindex=\"-1\" aria-controls=\"elementor-tab-content-2463\" aria-expanded=\"false\">Education Information<\/div>\n\t\t\t\t\t\t\t<\/div>\n\t\t\t<div class=\"elementor-tabs-content-wrapper\" role=\"tablist\" aria-orientation=\"vertical\">\n\t\t\t\t\t\t\t\t\t<div class=\"elementor-tab-title elementor-tab-mobile-title\" aria-selected=\"true\" data-tab=\"1\" role=\"tab\" tabindex=\"0\" aria-controls=\"elementor-tab-content-2461\" aria-expanded=\"false\">About me<\/div>\n\t\t\t\t\t<div id=\"elementor-tab-content-2461\" class=\"elementor-tab-content elementor-clearfix\" data-tab=\"1\" role=\"tabpanel\" aria-labelledby=\"elementor-tab-title-2461\" tabindex=\"0\" hidden=\"false\"><article class=\"text-token-text-primary w-full focus:outline-none [--shadow-height:45px] has-data-writing-block:pointer-events-none has-data-writing-block:-mt-(--shadow-height) has-data-writing-block:pt-(--shadow-height) [&amp;:has([data-writing-block])&gt;*]:pointer-events-auto [content-visibility:auto] supports-[content-visibility:auto]:[contain-intrinsic-size:auto_100lvh] scroll-mt-[calc(var(--header-height)+min(200px,max(70px,20svh)))]\" dir=\"auto\" tabindex=\"-1\" data-turn-id=\"request-WEB:c454f7a5-76b0-4ba0-a8f8-c3793b067739-1\" data-testid=\"conversation-turn-4\" data-scroll-anchor=\"true\" data-turn=\"assistant\"><div class=\"text-base my-auto mx-auto pb-10 [--thread-content-margin:--spacing(4)] thread-sm:[--thread-content-margin:--spacing(6)] thread-lg:[--thread-content-margin:--spacing(16)] px-(--thread-content-margin)\"><div class=\"[--thread-content-max-width:40rem] thread-lg:[--thread-content-max-width:48rem] mx-auto max-w-(--thread-content-max-width) flex-1 group\/turn-messages focus-visible:outline-hidden relative flex w-full min-w-0 flex-col agent-turn\" tabindex=\"-1\"><div class=\"flex max-w-full flex-col grow\"><div class=\"min-h-8 text-message relative flex w-full flex-col items-end gap-2 text-start break-words whitespace-normal [.text-message+&amp;]:mt-1\" dir=\"auto\" data-message-author-role=\"assistant\" data-message-id=\"9f8de5fe-52f8-452f-aea2-c481c7eb9110\" data-message-model-slug=\"gpt-5-1\"><div class=\"flex w-full flex-col gap-1 empty:hidden first:pt-[1px]\"><div class=\"markdown prose dark:prose-invert w-full break-words light markdown-new-styling\"><p data-start=\"155\" data-end=\"758\">I was born in Antalya in 1995. Following high school, I began developing an undergraduate degree in the Mathematics Department at Dokuz Eyl\u00fcl University. The undergraduate mathematics program, which followed an English preparatory year, played a significant role in shaping my academic interests. With my growing interest in computers, I enrolled in a minor program in the Computer Science Department during my sophomore year, furthering my education at the intersection of the two disciplines. During this process, I realized that mathematics and computer science form a powerful, complementary whole, and I graduated from both programs in 2018.<\/p><p data-start=\"760\" data-end=\"1257\">After completing my undergraduate studies, I decided to pursue an academic career and began a master's program in the Department of Mathematics at Dokuz Eyl\u00fcl University's Institute of Science. In the second semester of my graduate studies, I began working as a research assistant at Sel\u00e7uk University and moved to Konya in 2019. During this period, I focused my research on Analysis and Function Theory. After completing my master's degree in 2021, I began my doctoral studies.<\/p><p data-start=\"1259\" data-end=\"1579\" data-is-last-node=\"\" data-is-only-node=\"\">Having successfully completed my doctoral studies as of April 2025, I continue my work on sampling operators and image processing applications. My research interests are based on an interdisciplinary approach combining functional analysis, numerical methods, and image processing techniques.<\/p><\/div><\/div><\/div><\/div><div class=\"z-0 flex min-h-[46px] justify-start\">November 2025<\/div><\/div><\/div><\/article><\/div>\n\t\t\t\t\t\t\t\t\t<div class=\"elementor-tab-title elementor-tab-mobile-title\" aria-selected=\"false\" data-tab=\"2\" role=\"tab\" tabindex=\"-1\" aria-controls=\"elementor-tab-content-2462\" aria-expanded=\"false\">Areas of Expertise<\/div>\n\t\t\t\t\t<div id=\"elementor-tab-content-2462\" class=\"elementor-tab-content elementor-clearfix\" data-tab=\"2\" role=\"tabpanel\" aria-labelledby=\"elementor-tab-title-2462\" tabindex=\"0\" hidden=\"hidden\"><div class=\"entry-content\"><p>The only official certificate I have is the Dokuz Eyl\u00fcl University Computer Science Department Program Certificate. Although I hesitate to define myself as an \u201cexpert\u201d, there are many programming languages \u200b\u200bthat I have acquired with this program. Since I think that I have a long way to go to reach expertise in mathematics, I would like to list these programming languages \u200b\u200bfor now.<\/p><table style=\"undefined;table-layout: fixed; width: 288px; margin-left: auto; margin-right: auto;\"><colgroup> <col style=\"width: 143px;\" \/> <col style=\"width: 145px;\" \/> <\/colgroup><thead><tr><th>\u00a0<\/th><th>\u00a0<\/th><\/tr><\/thead><tbody><tr><td>C\/C++<\/td><td>(8\/10)<\/td><\/tr><tr><td>HTML<\/td><td>(8\/10)<\/td><\/tr><tr><td>C#<\/td><td>(6\/10)<\/td><\/tr><tr><td>Java<\/td><td>(6\/10)<\/td><\/tr><tr><td>CSS<\/td><td>(6\/10)<\/td><\/tr><tr><td>SQL<\/td><td>(6\/10)<\/td><\/tr><tr><td>Android Studio<\/td><td>(5\/10)<\/td><\/tr><\/tbody><\/table><p>Languages \u200b\u200bthat mathematics taught to me:<\/p><table style=\"undefined;table-layout: fixed; width: 288px; margin-left: auto; margin-right: auto;\"><colgroup> <col style=\"width: 143px;\" \/> <col style=\"width: 145px;\" \/> <\/colgroup><thead><tr><th>\u00a0<\/th><th>\u00a0<\/th><\/tr><\/thead><tbody><tr><td>MikTex<\/td><td>(9\/10)<\/td><\/tr><tr><td>Mathematica<\/td><td>(5\/10)<\/td><\/tr><tr><td>MatLab<\/td><td>(4\/10)<\/td><\/tr><\/tbody><\/table><p>Personal Hobby<\/p><table style=\"undefined;table-layout: fixed; width: 288px; margin-left: auto; margin-right: auto;\"><colgroup> <col style=\"width: 143px;\" \/> <col style=\"width: 145px;\" \/> <\/colgroup><thead><tr><th>\u00a0<\/th><th>\u00a0<\/th><\/tr><\/thead><tbody><tr><td>Photoshop<\/td><td>(6\/10)<\/td><\/tr><\/tbody><\/table><\/div><\/div>\n\t\t\t\t\t\t\t\t\t<div class=\"elementor-tab-title elementor-tab-mobile-title\" aria-selected=\"false\" data-tab=\"3\" role=\"tab\" tabindex=\"-1\" aria-controls=\"elementor-tab-content-2463\" aria-expanded=\"false\">Education Information<\/div>\n\t\t\t\t\t<div id=\"elementor-tab-content-2463\" class=\"elementor-tab-content elementor-clearfix\" data-tab=\"3\" role=\"tabpanel\" aria-labelledby=\"elementor-tab-title-2463\" tabindex=\"0\" hidden=\"hidden\"><div class=\"entry-content\">\n<table class=\"table-striped\">\n<thead>\n<tr>\n<th>Degree<\/th>\n<th>University<\/th>\n<th>Department \/ Programme<\/th>\n<th>Graduation Year<\/th>\n<\/tr>\n<\/thead>\n<tbody>\n<tr>\n<td>Bachelor<\/td>\n<td>DOKUZ EYLUL UNIVERSITY<\/td>\n<td>FACULTY OF SCIENCE-MATHEMATICS<\/td>\n<td>2018<\/td>\n<\/tr>\n<tr>\n<td>Bachelor<\/td>\n<td>DOKUZ EYLUL UNIVERSITY<\/td>\n<td>FACULTY OF SCIENCE-COMPUTER SCIENCE<\/td>\n<td>2018<\/td>\n<\/tr>\n<tr>\n<td>Master<\/td>\n<td>DOKUZ EYLUL UNIVERSITY<\/td>\n<td>INSTITUTE OF SCIENCE-MATHEMATICS<\/td>\n<td>2019 (Transferred)<\/td>\n<\/tr>\n<tr>\n<td>Master<\/td>\n<td>SEL\u00c7UK UNIVERSITY<\/td>\n<td>INSTITUTE OF SCIENCE-MATHEMATICS<\/td>\n<td>2021<\/td>\n<\/tr>\n<tr>\n<td>Doktora<\/td>\n<td>SEL\u00c7UK UNIVERSITY<\/td>\n<td>INSTITUTE OF SCIENCE-MATHEMATICS<\/td>\n<td>2025<\/td>\n<\/tr>\n<\/tbody>\n<\/table>\n<\/div><\/div>\n\t\t\t\t\t\t\t<\/div>\n\t\t<\/div>\n\t\t\t\t\t\t<\/div>\n\t\t\t\t<\/div>\n\t\t\t\t\t<\/div>\n\t\t\t\t<\/div>\n\t\t<div class=\"elementor-element elementor-element-2575719 e-flex e-con-boxed e-con e-parent\" data-id=\"2575719\" data-element_type=\"container\">\n\t\t\t\t\t<div class=\"e-con-inner\">\n\t\t\t\t<div class=\"elementor-element elementor-element-cc5bad5 elementor-widget elementor-widget-html\" data-id=\"cc5bad5\" data-element_type=\"widget\" data-widget_type=\"html.default\">\n\t\t\t\t<div class=\"elementor-widget-container\">\n\t\t\t\t\t<div id=\"particles-js\"><\/div>\n\t\t\t\t<\/div>\n\t\t\t\t<\/div>\n\t\t\t\t\t<\/div>\n\t\t\t\t<\/div>\n\t\t\t\t<\/div>","protected":false},"excerpt":{"rendered":"<p>Hakk\u0131mda Uzmanl\u0131k Alanlar\u0131 \u00d6\u011frenim Bilgileri Hakk\u0131mda 1995 y\u0131l\u0131nda Antalya\u2019da do\u011fdum. Lise e\u011fitimimin ard\u0131ndan Dokuz Eyl\u00fcl \u00dcniversitesi Matematik B\u00f6l\u00fcm\u00fcnde lisans \u00f6\u011frenimime ba\u015flad\u0131m. \u0130ngilizce haz\u0131rl\u0131k y\u0131l\u0131n\u0131n ard\u0131ndan devam etti\u011fim matematik lisans program\u0131, akademik ilgi alan\u0131m\u0131n \u015fekillenmesinde \u00f6nemli bir rol oynad\u0131. Bilgisayara olan ilgimin giderek artmas\u0131 \u00fczerine, ikinci s\u0131n\u0131fta Bilgisayar Bilimleri B\u00f6l\u00fcm\u00fcnde yandal program\u0131na kay\u0131t yapt\u0131rarak e\u011fitimimi iki [&hellip;]<\/p>","protected":false},"author":1,"featured_media":0,"parent":0,"menu_order":0,"comment_status":"closed","ping_status":"closed","template":"page-template\/custom-home-page.php","meta":{"footnotes":""},"class_list":["post-19","page","type-page","status-publish","hentry"],"_links":{"self":[{"href":"https:\/\/metinturgay.net\/en\/wp-json\/wp\/v2\/pages\/19","targetHints":{"allow":["GET"]}}],"collection":[{"href":"https:\/\/metinturgay.net\/en\/wp-json\/wp\/v2\/pages"}],"about":[{"href":"https:\/\/metinturgay.net\/en\/wp-json\/wp\/v2\/types\/page"}],"author":[{"embeddable":true,"href":"https:\/\/metinturgay.net\/en\/wp-json\/wp\/v2\/users\/1"}],"replies":[{"embeddable":true,"href":"https:\/\/metinturgay.net\/en\/wp-json\/wp\/v2\/comments?post=19"}],"version-history":[{"count":13,"href":"https:\/\/metinturgay.net\/en\/wp-json\/wp\/v2\/pages\/19\/revisions"}],"predecessor-version":[{"id":404,"href":"https:\/\/metinturgay.net\/en\/wp-json\/wp\/v2\/pages\/19\/revisions\/404"}],"wp:attachment":[{"href":"https:\/\/metinturgay.net\/en\/wp-json\/wp\/v2\/media?parent=19"}],"curies":[{"name":"wp","href":"https:\/\/api.w.org\/{rel}","templated":true}]}}